{"id":476,"date":"2015-12-09T06:14:09","date_gmt":"2015-12-09T06:14:09","guid":{"rendered":"http:\/\/wphunters.com\/cleanphoto\/?page_id=476"},"modified":"2019-04-10T00:40:14","modified_gmt":"2019-04-09T22:40:14","slug":"kontakt","status":"publish","type":"page","link":"https:\/\/nejcbole.com\/si\/kontakt\/","title":{"rendered":"Kontakt"},"content":{"rendered":"<p>[vc_row][vc_column][rev_slider_vc alias=&#8221;contacts-hero&#8221;][\/vc_column][\/vc_row][vc_row css=&#8221;.vc_custom_1449643372399{padding-top: 75px !important;}&#8221;][vc_column width=&#8221;1\/2&#8243; css=&#8221;.vc_custom_1449643431557{margin-bottom: 75px !important;}&#8221;][vc_custom_heading text=&#8221;TU MI LAHKO PUSTITA SPORO\u010cILO&#8221; font_container=&#8221;tag:div|font_size:18px|text_align:left|color:%237d7d7d|line_height:1&#8243; use_theme_fonts=&#8221;yes&#8221; css=&#8221;.vc_custom_1554849611069{margin-bottom: 25px !important;}&#8221;]<div role=\"form\" class=\"wpcf7\" id=\"wpcf7-f5361-o1\" lang=\"en-US\" dir=\"ltr\">\n<div class=\"screen-reader-response\"><p role=\"status\" aria-live=\"polite\" aria-atomic=\"true\"><\/p> <ul><\/ul><\/div>\n<form action=\"\/si\/wp-json\/wp\/v2\/pages\/476#wpcf7-f5361-o1\" method=\"post\" class=\"wpcf7-form init\" novalidate=\"novalidate\" data-status=\"init\">\n<div style=\"display: none;\">\n<input type=\"hidden\" name=\"_wpcf7\" value=\"5361\" \/>\n<input type=\"hidden\" name=\"_wpcf7_version\" value=\"5.4.1\" \/>\n<input type=\"hidden\" name=\"_wpcf7_locale\" value=\"en_US\" \/>\n<input type=\"hidden\" name=\"_wpcf7_unit_tag\" value=\"wpcf7-f5361-o1\" \/>\n<input type=\"hidden\" name=\"_wpcf7_container_post\" value=\"0\" \/>\n<input type=\"hidden\" name=\"_wpcf7_posted_data_hash\" value=\"\" \/>\n<\/div>\n<div class=\"form-group your-name\"><input class=\"wpcf7-form-control wpcf7-text wpcf7-validates-as-required input-lg form-control\" name=\"your-name\" type=\"text\" value=\"\" placeholder=\"Mi lahko zaupa\u0161 tvoje ime?\" aria-invalid=\"false\" aria-required=\"true\" required><\/div>\n\n<div class=\"form-group email\"><input class=\"wpcf7-form-control wpcf7-text wpcf7-email wpcf7-validates-as-required wpcf7-validates-as-email input-lg form-control\" name=\"email\" type=\"email\" value=\"\" placeholder=\"Pa \u0161e e-mail naslov, da bom vedel kam odgovorit.\" aria-invalid=\"false\" aria-required=\"true\" required><\/div>\n\n<div class=\"form-group date\"><input class=\"wpcf7-form-control wpcf7-text wpcf7-validates-as-required form-control\" name=\"date\" type=\"text\" value=\"Datum dogodka.\" aria-invalid=\"false\" aria-required=\"true\" required><\/div>\n\n<div class=\"form-group message\"><textarea class=\"wpcf7-form-control wpcf7-textarea wpcf7-validates-as-required input-lg form-control\" name=\"message\" rows=\"4\" placeholder=\"Povejta mi \u010dimve\u010d invormacij, vajinih \u017eelja, sanj...ve\u010d kot povesta bolje bo :)\" aria-invalid=\"false\" aria-required=\"true\" required><\/textarea><\/div>\n\n<div class=\"form-group budget\"><input class=\"wpcf7-form-control wpcf7-text wpcf7-validates-as-required input-lg form-control\" name=\"budget\" type=\"text\" value=\"\" placeholder=\"Vajin budget. Enkrat bomo tako ali tako pri\u0161li na to temo.\" aria-invalid=\"false\" aria-required=\"true\" required><\/div>\n\n\nKako sta pri\u0161la do mene?\n<div class=\"form-group wpcf7-form-control wpcf7-checkbox wpcf7-validates-as-required checkbox-798\"><div class=\"checkbox\"><label ><input name=\"checkbox-798[]\" type=\"checkbox\" value=\"Google\" aria-invalid=\"false\" aria-required=\"true\" required>Google<\/label><\/div><div class=\"checkbox\"><label ><input name=\"checkbox-798[]\" type=\"checkbox\" value=\"Facebook\" aria-invalid=\"false\" aria-required=\"true\" required>Facebook<\/label><\/div><div class=\"checkbox\"><label ><input name=\"checkbox-798[]\" type=\"checkbox\" value=\"Instagram\" aria-invalid=\"false\" aria-required=\"true\" required>Instagram<\/label><\/div><div class=\"checkbox\"><label ><input name=\"checkbox-798[]\" type=\"checkbox\" value=\"Od ust do ust\" aria-invalid=\"false\" aria-required=\"true\" required>Od ust do ust<\/label><\/div><div class=\"checkbox\"><label ><input name=\"checkbox-798[]\" type=\"checkbox\" value=\"Drugi fotograf\" aria-invalid=\"false\" aria-required=\"true\" required>Drugi fotograf<\/label><\/div><div class=\"checkbox\"><label ><input name=\"checkbox-798[]\" type=\"checkbox\" value=\"Druga spletna stran\/blog\" aria-invalid=\"false\" aria-required=\"true\" required>Druga spletna stran\/blog<\/label><\/div><div class=\"checkbox\"><label ><input name=\"checkbox-798[]\" type=\"checkbox\" value=\"Other\" aria-invalid=\"false\" aria-required=\"true\" required>Other<\/label><\/div><\/div>\n\n<div class=\"form-group\"><div><input class=\"wpcf7-form-control wpcf7-submit btn-outline btn-long btn btn-primary\" type=\"submit\" value=\"Po\u0161lji sporo\u010dilo\"><\/div><\/div><div class=\"wpcf7-response-output alert alert-warning\"><\/div><\/form><\/div>[\/vc_column][vc_column width=&#8221;1\/3&#8243; offset=&#8221;vc_col-sm-offset-2&#8243; css=&#8221;.vc_custom_1449643436248{margin-bottom: 75px !important;}&#8221;][vc_custom_heading text=&#8221;NAJDETE ME TUDI NA: &#8221; font_container=&#8221;tag:div|font_size:18px|text_align:left|color:%237d7d7d|line_height:1&#8243; use_theme_fonts=&#8221;yes&#8221; css=&#8221;.vc_custom_1554849546284{margin-bottom: 25px !important;}&#8221;]<div class=\"share-buttons-container align_left vc_custom_1462985965264\"><div class=\"text-inner\"><\/div><div class=\"share-buttons\"><a href=\"https:\/\/www.pinterest.com\/nejcbole\/\"><i class=\"fa fa-pinterest\"><\/i><\/a><a href=\"https:\/\/www.facebook.com\/nejcbolephotography\"><i class=\"fa fa-facebook\"><\/i><\/a><a href=\"https:\/\/www.instagram.com\/nejcbole\/\"><i class=\"fa fa-instagram\"><\/i><\/a><a href=\"https:\/\/www.linkedin.com\/in\/nejc-bole-7b041041\"><i class=\"fa fa-linkedin\"><\/i><\/a><\/div><\/div>[vc_custom_heading text=&#8221;EMAIL&#8221; font_container=&#8221;tag:div|font_size:18px|text_align:left|color:%237d7d7d|line_height:1&#8243; use_theme_fonts=&#8221;yes&#8221; css=&#8221;.vc_custom_1449642155456{margin-bottom: 25px !important;}&#8221;][vc_column_text css=&#8221;.vc_custom_1462985752101{margin-bottom: 50px !important;}&#8221;]<a href=\"mailto:info@nejcbole.com\"><strong>info@nejcbole.com<\/strong><\/a>[\/vc_column_text][vc_custom_heading text=&#8221;TELEFONSKA \u0160TEVILKA&#8221; font_container=&#8221;tag:div|font_size:18px|text_align:left|color:%237d7d7d|line_height:1&#8243; use_theme_fonts=&#8221;yes&#8221; css=&#8221;.vc_custom_1554849519800{margin-bottom: 25px !important;}&#8221;][vc_column_text css=&#8221;.vc_custom_1463049326202{margin-bottom: 50px !important;}&#8221;]<strong>+386\u00a0<span class=\"s1\">40 670 088<\/span><\/strong>[\/vc_column_text][vc_column_text][\/vc_column_text][\/vc_column][\/vc_row]<\/p>\n<p><a href=\"\/\/www.pinterest.com\/pin\/create\/button\/\" data-pin-do=\"buttonBookmark\" data-pin-color=\"red\" data-pin-height=\"128\"><img src=\"\/\/assets.pinterest.com\/images\/pidgets\/pinit_fg_en_rect_red_28.png\" \/><\/a><\/p><!-- AddThis Advanced Settings generic via filter on the_content --><!-- AddThis Share Buttons generic via filter on the_content -->","protected":false},"excerpt":{"rendered":"<p>[vc_row][vc_column][rev_slider_vc alias=&#8221;contacts-hero&#8221;][\/vc_column][\/vc_row][vc_row css=&#8221;.vc_custom_1449643372399{padding-top: 75px !important;}&#8221;][vc_column width=&#8221;1\/2&#8243; css=&#8221;.vc_custom_1449643431557{margin-bottom: 75px !important;}&#8221;][vc_custom_heading text=&#8221;TU MI LAHKO PUSTITA SPORO\u010cILO&#8221; font_container=&#8221;tag:div|font_size:18px|text_align:left|color:%237d7d7d|line_height:1&#8243; use_theme_fonts=&#8221;yes&#8221; css=&#8221;.vc_custom_1554849611069{margin-bottom: 25px..<!-- AddThis Advanced Settings generic via filter on wp_trim_excerpt --><!-- AddThis Share Buttons generic via filter on wp_trim_excerpt --><\/p>\n","protected":false},"author":1,"featured_media":0,"parent":0,"menu_order":0,"comment_status":"closed","ping_status":"closed","template":"","meta":[],"yoast_head":"<!-- This site is optimized with the Yoast SEO plugin v16.2 - https:\/\/yoast.com\/wordpress\/plugins\/seo\/ -->\n<title>Kontakt - Nejc Bole<\/title>\n<meta name=\"description\" content=\"Get in contact with a creative destination wedding photographer based in Slovenia. Avaliable worldwide. Let&#039;s create something unique together.\" \/>\n<meta name=\"robots\" content=\"index, follow, max-snippet:-1, max-image-preview:large, max-video-preview:-1\" \/>\n<link rel=\"canonical\" href=\"https:\/\/nejcbole.com\/si\/kontakt\/\" \/>\n<meta property=\"og:locale\" content=\"sl_SI\" \/>\n<meta property=\"og:type\" content=\"article\" \/>\n<meta property=\"og:title\" content=\"Kontakt - Nejc Bole\" \/>\n<meta property=\"og:description\" content=\"Get in contact with a creative destination wedding photographer based in Slovenia. Avaliable worldwide. Let&#039;s create something unique together.\" \/>\n<meta property=\"og:url\" content=\"https:\/\/nejcbole.com\/si\/kontakt\/\" \/>\n<meta property=\"og:site_name\" content=\"Nejc Bole\" \/>\n<meta property=\"article:publisher\" content=\"https:\/\/www.facebook.com\/nejcbolephotography\/\" \/>\n<meta property=\"article:modified_time\" content=\"2019-04-09T22:40:14+00:00\" \/>\n<meta property=\"og:image\" content=\"https:\/\/nejcbole.com\/si\/wp-content\/uploads\/2017\/04\/vintage_boho_chic_styled_wedding_villa_rafut-128.jpg\" \/>\n\t<meta property=\"og:image:width\" content=\"1194\" \/>\n\t<meta property=\"og:image:height\" content=\"800\" \/>\n<meta name=\"twitter:card\" content=\"summary\" \/>\n<meta name=\"twitter:site\" content=\"@kamplcshop\" \/>\n<meta name=\"twitter:label1\" content=\"Est. reading time\">\n\t<meta name=\"twitter:data1\" content=\"1 minuta\">\n<script type=\"application\/ld+json\" class=\"yoast-schema-graph\">{\"@context\":\"https:\/\/schema.org\",\"@graph\":[{\"@type\":\"WebSite\",\"@id\":\"https:\/\/nejcbole.com\/si\/#website\",\"url\":\"https:\/\/nejcbole.com\/si\/\",\"name\":\"Nejc Bole\",\"description\":\"Wedding photographer based in Slovenia. Creating wedding stories all over the world.\",\"potentialAction\":[{\"@type\":\"SearchAction\",\"target\":\"https:\/\/nejcbole.com\/si\/?s={search_term_string}\",\"query-input\":\"required name=search_term_string\"}],\"inLanguage\":\"sl-SI\"},{\"@type\":\"WebPage\",\"@id\":\"https:\/\/nejcbole.com\/si\/kontakt\/#webpage\",\"url\":\"https:\/\/nejcbole.com\/si\/kontakt\/\",\"name\":\"Kontakt - Nejc Bole\",\"isPartOf\":{\"@id\":\"https:\/\/nejcbole.com\/si\/#website\"},\"datePublished\":\"2015-12-09T06:14:09+00:00\",\"dateModified\":\"2019-04-09T22:40:14+00:00\",\"description\":\"Get in contact with a creative destination wedding photographer based in Slovenia. Avaliable worldwide. Let's create something unique together.\",\"breadcrumb\":{\"@id\":\"https:\/\/nejcbole.com\/si\/kontakt\/#breadcrumb\"},\"inLanguage\":\"sl-SI\",\"potentialAction\":[{\"@type\":\"ReadAction\",\"target\":[\"https:\/\/nejcbole.com\/si\/kontakt\/\"]}]},{\"@type\":\"BreadcrumbList\",\"@id\":\"https:\/\/nejcbole.com\/si\/kontakt\/#breadcrumb\",\"itemListElement\":[{\"@type\":\"ListItem\",\"position\":1,\"item\":{\"@type\":\"WebPage\",\"@id\":\"https:\/\/nejcbole.com\/si\/\",\"url\":\"https:\/\/nejcbole.com\/si\/\",\"name\":\"Home\"}},{\"@type\":\"ListItem\",\"position\":2,\"item\":{\"@id\":\"https:\/\/nejcbole.com\/si\/kontakt\/#webpage\"}}]}]}<\/script>\n<!-- \/ Yoast SEO plugin. -->","_links":{"self":[{"href":"https:\/\/nejcbole.com\/si\/wp-json\/wp\/v2\/pages\/476"}],"collection":[{"href":"https:\/\/nejcbole.com\/si\/wp-json\/wp\/v2\/pages"}],"about":[{"href":"https:\/\/nejcbole.com\/si\/wp-json\/wp\/v2\/types\/page"}],"author":[{"embeddable":true,"href":"https:\/\/nejcbole.com\/si\/wp-json\/wp\/v2\/users\/1"}],"replies":[{"embeddable":true,"href":"https:\/\/nejcbole.com\/si\/wp-json\/wp\/v2\/comments?post=476"}],"version-history":[{"count":7,"href":"https:\/\/nejcbole.com\/si\/wp-json\/wp\/v2\/pages\/476\/revisions"}],"predecessor-version":[{"id":5362,"href":"https:\/\/nejcbole.com\/si\/wp-json\/wp\/v2\/pages\/476\/revisions\/5362"}],"wp:attachment":[{"href":"https:\/\/nejcbole.com\/si\/wp-json\/wp\/v2\/media?parent=476"}],"curies":[{"name":"wp","href":"https:\/\/api.w.org\/{rel}","templated":true}]}}