{"id":692,"date":"2016-01-02T16:53:47","date_gmt":"2016-01-02T16:53:47","guid":{"rendered":"http:\/\/wphunters.com\/cleanphoto\/?page_id=692"},"modified":"2021-05-17T00:22:23","modified_gmt":"2021-05-16T22:22:23","slug":"nejc-bole-photography","status":"publish","type":"page","link":"https:\/\/nejcbole.com\/si\/","title":{"rendered":"Nejc Bole Fotograf"},"content":{"rendered":"<p>[vc_row full_width=&#8221;stretch_row_content_no_spaces&#8221;][vc_column]<section class=\"cp-slider wow zoomIn layout-2\" data-slider-id=\"1\">\n\n\t<!-- Slider contents -->\n\t\n\n\t<!-- Slider controls -->\n\t<div class=\"cp-slider-controls\">\n\t\t<a href=\"#\" class=\"prev disabled\"><i class=\"unycon unycon-angle-left\"><\/i><\/a>\n\n\t\t<span class=\"counters\">\n\t\t\t<span class=\"current\">1<\/span>\n\t\t\t<span class=\"total\">0<\/span>\n\t\t<\/span>\n\n\t\t<a href=\"#\" class=\"next\"><i class=\"unycon unycon-angle-right\"><\/i><\/a>\n\t<\/div>\n\n<\/section>\n\n<div id=\"slider-bottom-1\"><\/div>[\/vc_column][vc_column][rev_slider_vc alias=&#8221;fullwidth-post-hero&#8221;][\/vc_column][\/vc_row][vc_row][vc_column][vc_empty_space][\/vc_column][\/vc_row][vc_row][vc_column width=&#8221;5\/6&#8243;][vc_column_text]<\/p>\n<h2 style=\"text-align: right;\">&#8220;Ne i\u0161\u010dita le fotografa, temve\u010d nekoga ki mu lahko ZAUPATA.&#8221;<\/h2>\n<p>[\/vc_column_text][\/vc_column][vc_column width=&#8221;1\/6&#8243;][vc_column_text]&#8221;Nekoga, ki bo tik ob vama na vajin poro\u010dni dan ampak ga skoraj ne bosta opazila. Nekoga, ki bo ujel sleheren \u00a0<strong>TRENUTEK<\/strong>. Ustvarimo skupaj nekaj posebnega, nekaj <strong>OSEBNEGA<\/strong>.&#8221;<br \/>\nKreativni poro\u010dni fotograf.[\/vc_column_text][\/vc_column][\/vc_row][vc_row full_width=&#8221;stretch_row&#8221; equal_height=&#8221;yes&#8221; content_placement=&#8221;middle&#8221; css=&#8221;.vc_custom_1451318718096{padding-top: 75px !important;padding-bottom: 45px !important;}&#8221; el_id=&#8221;latest-stories&#8221;][vc_column offset=&#8221;vc_col-md-4&#8243; css=&#8221;.vc_custom_1451159150274{margin-bottom: 30px !important;}&#8221;][vc_column_text el_class=&#8221;wow fadeIn&#8221;]<\/p>\n<h1 style=\"text-align: center;\">Zgodbe<\/h1>\n<p>Rad fotografiram ljudi, rad pripovedujem zgodbe njihovih najpomembnej\u0161ih dni. Ujamem \u010dustva in dokumentiram sleheren trenutek, da boste ta \u010dustva ub\u010dutili vsaki\u010d ko boste pogledali te fotografije. \u010ce so vam v\u0161e\u010d pristni trenutki in resni\u010dna \u010dustva, vas vabim, da si ogledate zgodbe, katere sem imel \u010dast ustvarjati&#8230;<\/p>\n<p style=\"text-align: center;\"><a href=\"https:\/\/nejcbole.com\/si\/zgodbe\/\">Ve\u010d zgodb&#8230;<\/a><\/p>\n<p>[\/vc_column_text][\/vc_column][vc_column offset=&#8221;vc_col-md-8&#8243;][vc_row_inner el_class=&#8221;wow sequenced fx-fadeInRight&#8221;][vc_column_inner width=&#8221;1\/2&#8243; css=&#8221;.vc_custom_1451159155955{margin-bottom: 30px !important;}&#8221;]<div class=\"singe-item-widget layout-4 post-5370 post type-post status-publish format-standard has-post-thumbnail hentry category-wedding tag-majerija tag-porocna-fotografija tag-porocna-lokacija tag-porocne-fotografije tag-porocni-fotograf tag-poroka tag-slovenija tag-vipavska-dolina\">\n\n\t<!-- Image -->\n\t<div class=\"post-image\" style=\"background-image: url(https:\/\/nejcbole.com\/si\/wp-content\/uploads\/2021\/05\/wedding_at_majerija-1-480x320.jpg)\"><\/div>\n\n\t<!-- Post meta -->\n\t<div class=\"post-meta\">\n\t\t<div class=\"post-date\">17 maja, 2021<\/div>\n\t\t<h1 class=\"post-title\"><a href=\"https:\/\/nejcbole.com\/si\/poroka-na-majeriji\/\">Poroka na Majeriji v Vipavski dolini<\/a><\/h1>\n\t<\/div>\n\n\t<!-- Link overlay -->\n\t<a href=\"https:\/\/nejcbole.com\/si\/poroka-na-majeriji\/\" class=\"link-overlay\">Preberi ve\u010d<\/a>\n\n<\/div><div class=\"singe-item-widget layout-4 post-3620 post type-post status-publish format-standard has-post-thumbnail hentry category-couple category-wedding tag-couple tag-goriska-brda tag-gorizia tag-gorizia-hils tag-italia tag-italian-wedding tag-italian-wedding-photographer tag-italy tag-jovanotti tag-klemen-klemen tag-love tag-matrimonio tag-photographer tag-photography tag-porocna-fotografija tag-porocni-fotograf tag-poroka tag-slovenia tag-slovenija tag-wedding tag-wedding-photographer tag-wedding-photography\">\n\n\t<!-- Image -->\n\t<div class=\"post-image\" style=\"background-image: url(https:\/\/nejcbole.com\/si\/wp-content\/uploads\/2017\/08\/italian_style_wedding_photographer-97-480x326.jpg)\"><\/div>\n\n\t<!-- Post meta -->\n\t<div class=\"post-meta\">\n\t\t<div class=\"post-date\">09 avgusta, 2017<\/div>\n\t\t<h1 class=\"post-title\"><a href=\"https:\/\/nejcbole.com\/si\/italian-wedding-photographer-goriska-brda\/\">Italian style wedding photographer in Gori\u0161ka brda<\/a><\/h1>\n\t<\/div>\n\n\t<!-- Link overlay -->\n\t<a href=\"https:\/\/nejcbole.com\/si\/italian-wedding-photographer-goriska-brda\/\" class=\"link-overlay\">Preberi ve\u010d<\/a>\n\n<\/div><div class=\"singe-item-widget layout-4 post-5324 post type-post status-publish format-standard has-post-thumbnail hentry category-couple category-elopement category-wedding tag-bovec-wedding-photographer tag-brollop tag-brollopsfotograf tag-couple tag-destination-elopement tag-destination-wedding tag-destination-wedding-photographer tag-dolina-soce tag-elopement tag-elopement-in-slovenia tag-elopement-in-soca-valley tag-elopement-photographer tag-hochzeit tag-hochzeitfotograf tag-kekceva-domacija tag-matrimonio tag-mountain tag-mountain-wedding tag-porocni-fotograf tag-porocni-fotograf-bovec tag-poroka-v-gorah tag-soca-valley tag-wedding-at-kekceva-domacija tag-wedding-in-slovenia tag-wedding-photographer tag-wedding-photography\">\n\n\t<!-- Image -->\n\t<div class=\"post-image\" style=\"background-image: url(https:\/\/nejcbole.com\/si\/wp-content\/uploads\/2019\/01\/NB1_0752-1-480x273.jpg)\"><\/div>\n\n\t<!-- Post meta -->\n\t<div class=\"post-meta\">\n\t\t<div class=\"post-date\">14 januarja, 2019<\/div>\n\t\t<h1 class=\"post-title\"><a href=\"https:\/\/nejcbole.com\/si\/intimna-poroka-v-dolini-soce\/\">Intimna poroka v dolini So\u010de<\/a><\/h1>\n\t<\/div>\n\n\t<!-- Link overlay -->\n\t<a href=\"https:\/\/nejcbole.com\/si\/intimna-poroka-v-dolini-soce\/\" class=\"link-overlay\">Preberi ve\u010d<\/a>\n\n<\/div>[\/vc_column_inner][vc_column_inner width=&#8221;1\/2&#8243; css=&#8221;.vc_custom_1451159161096{margin-bottom: 30px !important;}&#8221;]<div class=\"singe-item-widget layout-4 post-4521 post type-post status-publish format-standard has-post-thumbnail hentry category-couple category-elopement category-wedding tag-beauty tag-couple tag-destination tag-destination-wedding tag-fotografo-matrimoniale tag-heiraten tag-hochzeit tag-hochzetifotograf tag-kranjska-gora tag-love tag-matrimonio tag-mountain tag-nozze tag-photographer tag-porocna-fotografija tag-porocni-fotograf tag-poroka tag-slovenia tag-slovenija tag-wedding tag-wedding-photographer tag-wedding-photography\">\n\n\t<!-- Image -->\n\t<div class=\"post-image\" style=\"background-image: url(https:\/\/nejcbole.com\/si\/wp-content\/uploads\/2017\/11\/wedding_photographer_kranjska_gora-239-480x320.jpg)\"><\/div>\n\n\t<!-- Post meta -->\n\t<div class=\"post-meta\">\n\t\t<div class=\"post-date\">03 novembra, 2017<\/div>\n\t\t<h1 class=\"post-title\"><a href=\"https:\/\/nejcbole.com\/si\/kranjska-gora-wedding-photographer\/\">Kranjska Gora wedding photographer<\/a><\/h1>\n\t<\/div>\n\n\t<!-- Link overlay -->\n\t<a href=\"https:\/\/nejcbole.com\/si\/kranjska-gora-wedding-photographer\/\" class=\"link-overlay\">Preberi ve\u010d<\/a>\n\n<\/div><div class=\"singe-item-widget layout-4 post-2454 post type-post status-publish format-standard has-post-thumbnail hentry category-couple category-elopement category-wedding tag-boho-chic tag-bride tag-destination-wedding tag-elopement tag-groom tag-italia tag-italy tag-matrimonio tag-porocna-fotografija tag-porocni-fotograf tag-poroka tag-slovenia tag-styled-wedding tag-vintage tag-wedding tag-wedding-photographer tag-wedding-photography\">\n\n\t<!-- Image -->\n\t<div class=\"post-image\" style=\"background-image: url(https:\/\/nejcbole.com\/si\/wp-content\/uploads\/2017\/04\/vintage_boho_chic_styled_wedding_villa_rafut-241-480x320.jpg)\"><\/div>\n\n\t<!-- Post meta -->\n\t<div class=\"post-meta\">\n\t\t<div class=\"post-date\">08 aprila, 2017<\/div>\n\t\t<h1 class=\"post-title\"><a href=\"https:\/\/nejcbole.com\/si\/vintage-boho-chic-styled-wedding\/\">Vintage boho chic styled wedding<\/a><\/h1>\n\t<\/div>\n\n\t<!-- Link overlay -->\n\t<a href=\"https:\/\/nejcbole.com\/si\/vintage-boho-chic-styled-wedding\/\" class=\"link-overlay\">Preberi ve\u010d<\/a>\n\n<\/div><div class=\"singe-item-widget layout-4 post-3852 post type-post status-publish format-standard has-post-thumbnail hentry category-couple category-wedding tag-beauty tag-couple tag-love tag-matrimonio tag-mountain tag-par tag-photo tag-photographer tag-photography tag-porocna-fotografija tag-porocni-fotograf tag-poroka tag-slovenia tag-slovenija tag-wedding tag-wedding-photographer tag-wedding-photography\">\n\n\t<!-- Image -->\n\t<div class=\"post-image\" style=\"background-image: url(https:\/\/nejcbole.com\/si\/wp-content\/uploads\/2017\/10\/fairytale_wedding_photographer-84-480x320.jpg)\"><\/div>\n\n\t<!-- Post meta -->\n\t<div class=\"post-meta\">\n\t\t<div class=\"post-date\">04 oktobra, 2017<\/div>\n\t\t<h1 class=\"post-title\"><a href=\"https:\/\/nejcbole.com\/si\/fairytale-wedding-photographer\/\">Fairytale wedding photographer<\/a><\/h1>\n\t<\/div>\n\n\t<!-- Link overlay -->\n\t<a href=\"https:\/\/nejcbole.com\/si\/fairytale-wedding-photographer\/\" class=\"link-overlay\">Preberi ve\u010d<\/a>\n\n<\/div>[\/vc_column_inner][\/vc_row_inner][\/vc_column][\/vc_row][vc_row full_width=&#8221;stretch_row_content_no_spaces&#8221; parallax=&#8221;content-moving-fade&#8221; parallax_image=&#8221;636&#8243; css=&#8221;.vc_custom_1452026546271{background-position: center;background-repeat: no-repeat !important;background-size: cover !important;}&#8221;][vc_column css=&#8221;.vc_custom_1515602890974{background-image: url(https:\/\/nejcbole.com\/si\/wp-content\/uploads\/2018\/01\/creative-wedding-photographer-1.jpg?id=4954) !important;}&#8221;][vc_column_text el_class=&#8221;white-text narrow-text-block&#8221; css=&#8221;.vc_custom_1554410659311{padding-top: 75px !important;padding-bottom: 75px !important;}&#8221;]<\/p>\n<h1 style=\"font-style: italic; text-align: center;\">Nejc Bole<\/h1>\n<h1 style=\"font-style: italic; text-align: center;\"><img loading=\"lazy\" class=\"aligncenter wp-image-4955\" src=\"https:\/\/nejcbole.com\/si\/wp-content\/uploads\/2018\/01\/wolf_poly_wht.png\" alt=\"creative wedding photographer\" width=\"100\" height=\"155\" srcset=\"https:\/\/nejcbole.com\/si\/wp-content\/uploads\/2018\/01\/wolf_poly_wht.png 264w, https:\/\/nejcbole.com\/si\/wp-content\/uploads\/2018\/01\/wolf_poly_wht-193x300.png 193w\" sizes=\"(max-width: 100px) 100vw, 100px\" \/><\/h1>\n<p>Sem Nejc. Pripovedovalec zgodb. S pomo\u010djo svojega fotoaparata pripovedujem ZGODBE, kot jih vidim skozi svoje o\u010di. Dokumentiram poroke. Sledil vama bom, kamor me bosta odpeljala. Rad potujem in obiskujem nove kraje. Z namenom ujeti vajine najintimnej\u0161e trenutke in ustvariti SPOMINE. Videla bosta, da me privla\u010di lepota naravnega okolja in intimni trenutki med pari. Dovolita mi, da sem lahko del vajinega POTOVANJA \u00a0in postal bom ve\u010d kot vajin poro\u010dni fotograf. Postal bom vajin prijatelj.<\/p>\n<p style=\"text-align: center;\"><a href=\"https:\/\/nejcbole.com\/si\/nejc-bole-porocni-fotograf\/\"><em>Ve\u010d o meni<\/em><\/a><\/p>\n<p>[\/vc_column_text][\/vc_column][\/vc_row][vc_row css=&#8221;.vc_custom_1451409906383{padding-top: 63px !important;padding-bottom: 75px !important;}&#8221;][vc_column][vc_column_text css=&#8221;.vc_custom_1554410713990{margin-bottom: 40px !important;}&#8221;]<\/p>\n<h1 style=\"text-align: center;\"><em>Instagram<\/em><\/h1>\n<p>[\/vc_column_text]<div class=\"nodata-error\"><b>Error!<\/b> No photos found!<\/div>[\/vc_column][\/vc_row][vc_row][vc_column][vc_text_separator title=&#8221;Objavljeno na:&#8221;][\/vc_column][\/vc_row][vc_row content_placement=&#8221;middle&#8221;][vc_column width=&#8221;1\/4&#8243;][\/vc_column][vc_column width=&#8221;1\/2&#8243;][vc_column_text]<a href=\"https:\/\/www.rocknrollbride.com\"><br \/>\n<\/a>[\/vc_column_text][vc_column_text]<\/p>\n<p style=\"text-align: center;\"><a href=\"https:\/\/mywed.com\" target=\"_blank\" rel=\"noopener noreferrer\">MYWED<\/a><\/p>\n<p style=\"text-align: center;\"><a href=\"http:\/\/www.lookslikefilm.com\" target=\"_blank\" rel=\"noopener noreferrer\">LOOKSLIKEFILM<br \/>\n<\/a><\/p>\n<p style=\"text-align: center;\"><a href=\"http:\/\/www.boho-weddings.com\">BOHO WEDDINGS<\/a><\/p>\n<p style=\"text-align: center;\"><a href=\"https:\/\/www.rocknrollbride.com\">ROCK&#8217;N&#8217;ROLL BRIDE<\/a><\/p>\n<p style=\"text-align: center;\"><a href=\"http:\/\/ohsostunningblog.si\" class=\"broken_link\">OH SO STUNNING BLOG<\/a><\/p>\n<p style=\"text-align: center;\"><a href=\"http:\/\/weddingwonderland.it\">WEDDING WONDERLAND<\/a><\/p>\n<p style=\"text-align: center;\">WANDERING PHOTOGRAPHERS<\/p>\n<p style=\"text-align: center;\"><a href=\"http:\/\/www.valentinacrociani.com\" class=\"broken_link\">VALENTINA CROCIANI WEDDING BLOG<\/a><\/p>\n<p>[\/vc_column_text][\/vc_column][vc_column width=&#8221;1\/4&#8243;][\/vc_column][\/vc_row][vc_row][vc_column][vc_column_text]<\/p>\n<p>[\/vc_column_text][\/vc_column][\/vc_row]<\/p>\n<p><a href=\"\/\/www.pinterest.com\/pin\/create\/button\/\" data-pin-do=\"buttonBookmark\" data-pin-color=\"red\" data-pin-height=\"128\"><img src=\"\/\/assets.pinterest.com\/images\/pidgets\/pinit_fg_en_rect_red_28.png\" \/><\/a><\/p><!-- AddThis Advanced Settings generic via filter on the_content --><!-- AddThis Share Buttons generic via filter on the_content -->","protected":false},"excerpt":{"rendered":"<p>[vc_row full_width=&#8221;stretch_row_content_no_spaces&#8221;][vc_column][\/vc_column][vc_column][rev_slider_vc alias=&#8221;fullwidth-post-hero&#8221;][\/vc_column][\/vc_row][vc_row][vc_column][vc_empty_space][\/vc_column][\/vc_row][vc_row][vc_column width=&#8221;5\/6&#8243;][vc_column_text] &#8220;Ne i\u0161\u010dita le fotografa, temve\u010d nekoga ki mu lahko ZAUPATA.&#8221; [\/vc_column_text][\/vc_column][vc_column width=&#8221;1\/6&#8243;][vc_column_text]&#8221;Nekoga, ki bo..<!-- AddThis Advanced Settings generic via filter on wp_trim_excerpt --><!-- AddThis Share Buttons generic via filter on wp_trim_excerpt --><\/p>\n","protected":false},"author":1,"featured_media":2507,"parent":0,"menu_order":0,"comment_status":"closed","ping_status":"closed","template":"","meta":[],"yoast_head":"<!-- This site is optimized with the Yoast SEO plugin v16.2 - https:\/\/yoast.com\/wordpress\/plugins\/seo\/ -->\n<title>Kreativni poro\u010dni fotograf. Doma v Sloveniji, na voljo po vsem svetu.<\/title>\n<meta name=\"description\" content=\"Kreativni poro\u010dni fotograf | Wedding photographer | Fotografo matrimoniale. Iz Slovenije. Na voljo tud za fotografiranja v tujini.\" \/>\n<meta name=\"robots\" content=\"index, follow, max-snippet:-1, max-image-preview:large, max-video-preview:-1\" \/>\n<link rel=\"canonical\" href=\"https:\/\/nejcbole.com\/si\/\" \/>\n<meta property=\"og:locale\" content=\"sl_SI\" \/>\n<meta property=\"og:type\" content=\"article\" \/>\n<meta property=\"og:title\" content=\"Kreativni poro\u010dni fotograf. Doma v Sloveniji, na voljo po vsem svetu.\" \/>\n<meta property=\"og:description\" content=\"Kreativni poro\u010dni fotograf | Wedding photographer | Fotografo matrimoniale. Iz Slovenije. Na voljo tud za fotografiranja v tujini.\" \/>\n<meta property=\"og:url\" content=\"https:\/\/nejcbole.com\/si\/\" \/>\n<meta property=\"og:site_name\" content=\"Nejc Bole\" \/>\n<meta property=\"article:publisher\" content=\"https:\/\/www.facebook.com\/nejcbolephotography\/\" \/>\n<meta property=\"article:modified_time\" content=\"2021-05-16T22:22:23+00:00\" \/>\n<meta property=\"og:image\" content=\"https:\/\/nejcbole.com\/si\/wp-content\/uploads\/2017\/04\/vintage_boho_chic_styled_wedding_villa_rafut-128.jpg\" \/>\n\t<meta property=\"og:image:width\" content=\"1194\" \/>\n\t<meta property=\"og:image:height\" content=\"800\" \/>\n<meta name=\"twitter:card\" content=\"summary\" \/>\n<meta name=\"twitter:site\" content=\"@kamplcshop\" \/>\n<meta name=\"twitter:label1\" content=\"Est. reading time\">\n\t<meta name=\"twitter:data1\" content=\"2 minuti\">\n<script type=\"application\/ld+json\" class=\"yoast-schema-graph\">{\"@context\":\"https:\/\/schema.org\",\"@graph\":[{\"@type\":\"WebSite\",\"@id\":\"https:\/\/nejcbole.com\/si\/#website\",\"url\":\"https:\/\/nejcbole.com\/si\/\",\"name\":\"Nejc Bole\",\"description\":\"Wedding photographer based in Slovenia. Creating wedding stories all over the world.\",\"potentialAction\":[{\"@type\":\"SearchAction\",\"target\":\"https:\/\/nejcbole.com\/si\/?s={search_term_string}\",\"query-input\":\"required name=search_term_string\"}],\"inLanguage\":\"sl-SI\"},{\"@type\":\"ImageObject\",\"@id\":\"https:\/\/nejcbole.com\/si\/#primaryimage\",\"inLanguage\":\"sl-SI\",\"url\":\"https:\/\/nejcbole.com\/si\/wp-content\/uploads\/2017\/04\/vintage_boho_chic_styled_wedding_villa_rafut-128.jpg\",\"contentUrl\":\"https:\/\/nejcbole.com\/si\/wp-content\/uploads\/2017\/04\/vintage_boho_chic_styled_wedding_villa_rafut-128.jpg\",\"width\":1194,\"height\":800,\"caption\":\"Vintage boho chic wedding in abandoned neoislamic villa Rafut\"},{\"@type\":\"WebPage\",\"@id\":\"https:\/\/nejcbole.com\/si\/#webpage\",\"url\":\"https:\/\/nejcbole.com\/si\/\",\"name\":\"Kreativni poro\\u010dni fotograf. Doma v Sloveniji, na voljo po vsem svetu.\",\"isPartOf\":{\"@id\":\"https:\/\/nejcbole.com\/si\/#website\"},\"primaryImageOfPage\":{\"@id\":\"https:\/\/nejcbole.com\/si\/#primaryimage\"},\"datePublished\":\"2016-01-02T16:53:47+00:00\",\"dateModified\":\"2021-05-16T22:22:23+00:00\",\"description\":\"Kreativni poro\\u010dni fotograf | Wedding photographer | Fotografo matrimoniale. Iz Slovenije. Na voljo tud za fotografiranja v tujini.\",\"breadcrumb\":{\"@id\":\"https:\/\/nejcbole.com\/si\/#breadcrumb\"},\"inLanguage\":\"sl-SI\",\"potentialAction\":[{\"@type\":\"ReadAction\",\"target\":[\"https:\/\/nejcbole.com\/si\/\"]}]},{\"@type\":\"BreadcrumbList\",\"@id\":\"https:\/\/nejcbole.com\/si\/#breadcrumb\",\"itemListElement\":[{\"@type\":\"ListItem\",\"position\":1,\"item\":{\"@type\":\"WebPage\",\"@id\":\"https:\/\/nejcbole.com\/si\/\",\"url\":\"https:\/\/nejcbole.com\/si\/\",\"name\":\"Home\"}},{\"@type\":\"ListItem\",\"position\":2,\"item\":{\"@id\":\"https:\/\/nejcbole.com\/si\/#webpage\"}}]}]}<\/script>\n<!-- \/ Yoast SEO plugin. -->","_links":{"self":[{"href":"https:\/\/nejcbole.com\/si\/wp-json\/wp\/v2\/pages\/692"}],"collection":[{"href":"https:\/\/nejcbole.com\/si\/wp-json\/wp\/v2\/pages"}],"about":[{"href":"https:\/\/nejcbole.com\/si\/wp-json\/wp\/v2\/types\/page"}],"author":[{"embeddable":true,"href":"https:\/\/nejcbole.com\/si\/wp-json\/wp\/v2\/users\/1"}],"replies":[{"embeddable":true,"href":"https:\/\/nejcbole.com\/si\/wp-json\/wp\/v2\/comments?post=692"}],"version-history":[{"count":61,"href":"https:\/\/nejcbole.com\/si\/wp-json\/wp\/v2\/pages\/692\/revisions"}],"predecessor-version":[{"id":5374,"href":"https:\/\/nejcbole.com\/si\/wp-json\/wp\/v2\/pages\/692\/revisions\/5374"}],"wp:featuredmedia":[{"embeddable":true,"href":"https:\/\/nejcbole.com\/si\/wp-json\/wp\/v2\/media\/2507"}],"wp:attachment":[{"href":"https:\/\/nejcbole.com\/si\/wp-json\/wp\/v2\/media?parent=692"}],"curies":[{"name":"wp","href":"https:\/\/api.w.org\/{rel}","templated":true}]}}